{"id":304,"date":"2020-09-29T08:08:16","date_gmt":"2020-09-29T08:08:16","guid":{"rendered":"http:\/\/suites-del-mare.ms.decms.eu\/?page_id=304"},"modified":"2021-04-13T15:28:15","modified_gmt":"2021-04-13T15:28:15","slug":"environs","status":"publish","type":"page","link":"https:\/\/www.suitesdelmare.com\/fr\/environs\/","title":{"rendered":"Environs"},"content":{"rendered":"<p>Il est impossible de rester indiff\u00e9rent au charme de la <strong>Sardaigne<\/strong>, une \u00eele connue \u00e0 travers le monde pour la beaut\u00e9 de la mer et de sa nature.<\/p>\n<p>L\u2019<strong>Ogliastra<\/strong> exalte sa beaut\u00e9 d\u2019une fa\u00e7on particuli\u00e8re, unissant le charme puissant de ses montagnes de l\u2019arri\u00e8re pays \u00e0 la douceur de la mer toujours cristalline.<br \/>\nLa c\u00f4te est caract\u00e9ris\u00e9e par une alternance de hautes <strong>falaises et de plages<\/strong> encaiss\u00e9es dans de petites baies de r\u00eaves. Les roches rouges, caract\u00e9ristiques de la zone, enrichissent la nature de leur couleur se contrastant \u00e0 la transparence et aux mille tonalit\u00e9s allant du vert au bleu intense de la mer.<\/p>\n","protected":false},"excerpt":{"rendered":"<p>Il est impossible de rester indiff\u00e9rent au charme de la Sardaigne, une \u00eele connue \u00e0 travers le monde pour la beaut\u00e9 de la mer et de sa nature. L\u2019Ogliastra exalte sa beaut\u00e9 d\u2019une fa\u00e7on particuli\u00e8re, unissant le charme puissant de ses montagnes de l\u2019arri\u00e8re pays \u00e0 la douceur de la mer toujours cristalline. La c\u00f4te [&hellip;]<\/p>\n","protected":false},"author":7,"featured_media":0,"parent":0,"menu_order":70,"comment_status":"closed","ping_status":"closed","template":"template-surroundings.php","meta":{"footnotes":""},"class_list":["post-304","page","type-page","status-publish","hentry"],"yoast_head":"<!-- This site is optimized with the Yoast SEO plugin v26.9 - https:\/\/yoast.com\/product\/yoast-seo-wordpress\/ -->\n<title>Environs - Suites del mare<\/title>\n<meta name=\"robots\" content=\"index, follow, max-snippet:-1, max-image-preview:large, max-video-preview:-1\" \/>\n<link rel=\"canonical\" href=\"https:\/\/www.suitesdelmare.com\/fr\/environs\/\" \/>\n<meta property=\"og:locale\" content=\"fr_FR\" \/>\n<meta property=\"og:type\" content=\"article\" \/>\n<meta property=\"og:title\" content=\"Environs - Suites del mare\" \/>\n<meta property=\"og:description\" content=\"Il est impossible de rester indiff\u00e9rent au charme de la Sardaigne, une \u00eele connue \u00e0 travers le monde pour la beaut\u00e9 de la mer et de sa nature. L\u2019Ogliastra exalte sa beaut\u00e9 d\u2019une fa\u00e7on particuli\u00e8re, unissant le charme puissant de ses montagnes de l\u2019arri\u00e8re pays \u00e0 la douceur de la mer toujours cristalline. La c\u00f4te [&hellip;]\" \/>\n<meta property=\"og:url\" content=\"https:\/\/www.suitesdelmare.com\/fr\/environs\/\" \/>\n<meta property=\"og:site_name\" content=\"Suites del mare\" \/>\n<meta property=\"article:modified_time\" content=\"2021-04-13T15:28:15+00:00\" \/>\n<meta name=\"twitter:card\" content=\"summary_large_image\" \/>\n<meta name=\"twitter:label1\" content=\"Dur\u00e9e de lecture estim\u00e9e\" \/>\n\t<meta name=\"twitter:data1\" content=\"1 minute\" \/>\n<script type=\"application\/ld+json\" class=\"yoast-schema-graph\">{\"@context\":\"https:\/\/schema.org\",\"@graph\":[{\"@type\":\"WebPage\",\"@id\":\"https:\/\/www.suitesdelmare.com\/fr\/environs\/\",\"url\":\"https:\/\/www.suitesdelmare.com\/fr\/environs\/\",\"name\":\"Environs - Suites del mare\",\"isPartOf\":{\"@id\":\"https:\/\/www.suitesdelmare.com\/fr\/#website\"},\"datePublished\":\"2020-09-29T08:08:16+00:00\",\"dateModified\":\"2021-04-13T15:28:15+00:00\",\"breadcrumb\":{\"@id\":\"https:\/\/www.suitesdelmare.com\/fr\/environs\/#breadcrumb\"},\"inLanguage\":\"fr-FR\",\"potentialAction\":[{\"@type\":\"ReadAction\",\"target\":[\"https:\/\/www.suitesdelmare.com\/fr\/environs\/\"]}]},{\"@type\":\"BreadcrumbList\",\"@id\":\"https:\/\/www.suitesdelmare.com\/fr\/environs\/#breadcrumb\",\"itemListElement\":[{\"@type\":\"ListItem\",\"position\":1,\"name\":\"Home\",\"item\":\"https:\/\/www.suitesdelmare.com\/fr\/\"},{\"@type\":\"ListItem\",\"position\":2,\"name\":\"Environs\"}]},{\"@type\":\"WebSite\",\"@id\":\"https:\/\/www.suitesdelmare.com\/fr\/#website\",\"url\":\"https:\/\/www.suitesdelmare.com\/fr\/\",\"name\":\"Suites del mare\",\"description\":\"Just another ms.decms.eu site\",\"potentialAction\":[{\"@type\":\"SearchAction\",\"target\":{\"@type\":\"EntryPoint\",\"urlTemplate\":\"https:\/\/www.suitesdelmare.com\/fr\/?s={search_term_string}\"},\"query-input\":{\"@type\":\"PropertyValueSpecification\",\"valueRequired\":true,\"valueName\":\"search_term_string\"}}],\"inLanguage\":\"fr-FR\"}]}<\/script>\n<!-- \/ Yoast SEO plugin. -->","yoast_head_json":{"title":"Environs - Suites del mare","robots":{"index":"index","follow":"follow","max-snippet":"max-snippet:-1","max-image-preview":"max-image-preview:large","max-video-preview":"max-video-preview:-1"},"canonical":"https:\/\/www.suitesdelmare.com\/fr\/environs\/","og_locale":"fr_FR","og_type":"article","og_title":"Environs - Suites del mare","og_description":"Il est impossible de rester indiff\u00e9rent au charme de la Sardaigne, une \u00eele connue \u00e0 travers le monde pour la beaut\u00e9 de la mer et de sa nature. L\u2019Ogliastra exalte sa beaut\u00e9 d\u2019une fa\u00e7on particuli\u00e8re, unissant le charme puissant de ses montagnes de l\u2019arri\u00e8re pays \u00e0 la douceur de la mer toujours cristalline. La c\u00f4te [&hellip;]","og_url":"https:\/\/www.suitesdelmare.com\/fr\/environs\/","og_site_name":"Suites del mare","article_modified_time":"2021-04-13T15:28:15+00:00","twitter_card":"summary_large_image","twitter_misc":{"Dur\u00e9e de lecture estim\u00e9e":"1 minute"},"schema":{"@context":"https:\/\/schema.org","@graph":[{"@type":"WebPage","@id":"https:\/\/www.suitesdelmare.com\/fr\/environs\/","url":"https:\/\/www.suitesdelmare.com\/fr\/environs\/","name":"Environs - Suites del mare","isPartOf":{"@id":"https:\/\/www.suitesdelmare.com\/fr\/#website"},"datePublished":"2020-09-29T08:08:16+00:00","dateModified":"2021-04-13T15:28:15+00:00","breadcrumb":{"@id":"https:\/\/www.suitesdelmare.com\/fr\/environs\/#breadcrumb"},"inLanguage":"fr-FR","potentialAction":[{"@type":"ReadAction","target":["https:\/\/www.suitesdelmare.com\/fr\/environs\/"]}]},{"@type":"BreadcrumbList","@id":"https:\/\/www.suitesdelmare.com\/fr\/environs\/#breadcrumb","itemListElement":[{"@type":"ListItem","position":1,"name":"Home","item":"https:\/\/www.suitesdelmare.com\/fr\/"},{"@type":"ListItem","position":2,"name":"Environs"}]},{"@type":"WebSite","@id":"https:\/\/www.suitesdelmare.com\/fr\/#website","url":"https:\/\/www.suitesdelmare.com\/fr\/","name":"Suites del mare","description":"Just another ms.decms.eu site","potentialAction":[{"@type":"SearchAction","target":{"@type":"EntryPoint","urlTemplate":"https:\/\/www.suitesdelmare.com\/fr\/?s={search_term_string}"},"query-input":{"@type":"PropertyValueSpecification","valueRequired":true,"valueName":"search_term_string"}}],"inLanguage":"fr-FR"}]}},"acf":[],"_links":{"self":[{"href":"https:\/\/www.suitesdelmare.com\/fr\/wp-json\/wp\/v2\/pages\/304","targetHints":{"allow":["GET"]}}],"collection":[{"href":"https:\/\/www.suitesdelmare.com\/fr\/wp-json\/wp\/v2\/pages"}],"about":[{"href":"https:\/\/www.suitesdelmare.com\/fr\/wp-json\/wp\/v2\/types\/page"}],"author":[{"embeddable":true,"href":"https:\/\/www.suitesdelmare.com\/fr\/wp-json\/wp\/v2\/users\/7"}],"replies":[{"embeddable":true,"href":"https:\/\/www.suitesdelmare.com\/fr\/wp-json\/wp\/v2\/comments?post=304"}],"version-history":[{"count":0,"href":"https:\/\/www.suitesdelmare.com\/fr\/wp-json\/wp\/v2\/pages\/304\/revisions"}],"wp:attachment":[{"href":"https:\/\/www.suitesdelmare.com\/fr\/wp-json\/wp\/v2\/media?parent=304"}],"curies":[{"name":"wp","href":"https:\/\/api.w.org\/{rel}","templated":true}]}}