{"id":109,"date":"2020-09-22T14:09:55","date_gmt":"2020-09-22T14:09:55","guid":{"rendered":"http:\/\/suites-del-mare.ms.decms.eu\/?page_id=109"},"modified":"2023-06-10T13:41:43","modified_gmt":"2023-06-10T13:41:43","slug":"les-suites","status":"publish","type":"page","link":"https:\/\/www.suitesdelmare.com\/fr\/les-suites\/","title":{"rendered":"Les Suites"},"content":{"rendered":"<p>La beaut\u00e9 de la mer la plus bleue, qui se d\u00e9plie \u00e0 perte de vue. Le luxe des mat\u00e9riaux : le bois et le granit sardes pli\u00e9s et fa\u00e7onn\u00e9s de fa\u00e7on exquise par la main de l&rsquo;homme et de la nature. Le calme de l&rsquo;\u00e9l\u00e9gance, o\u00f9 le d\u00e9tail fait \u00e9cho dans cette terre ancienne. La volupt\u00e9 d&rsquo;un environnement qui vous fera sentir qu&rsquo;un avec la mer et vous fera respirer les traditions anciennes, la culture et la magie de ce lieu.<\/p>\n<p>Dans un cadre enchanteur aux couleurs les plus vari\u00e9es, immerg\u00e9es dans le maquis m\u00e9diterran\u00e9en, <strong>les Suites del Mare surplombent les baies les plus exclusives et les plus surprenantes de l&rsquo;Arbatax Park Resort<\/strong>, dans un coin de nature o\u00f9 l&rsquo;intimit\u00e9 et l&rsquo;\u00e9l\u00e9gance se rencontrent.<\/p>\n<p>Le parfum de la brise marine, le doux bruit des vagues, le style raffin\u00e9 du mobilier et les grandes fen\u00eatres qui encadrent l&rsquo;horizon : une v\u00e9ritable repr\u00e9sentation de l&rsquo;authenticit\u00e9 sarde combin\u00e9e au confort moderne, un parfait m\u00e9lange de pass\u00e9 et de pr\u00e9sent.<\/p>\n<p><strong>Les Suites del Mare sont compos\u00e9es de 17 chambres caract\u00e9ris\u00e9es par charme, raffinement et intimit\u00e9.<\/strong><\/p>\n<p>Les jeux de lumi\u00e8re et les couleurs du soleil soulignent le savoir-faire artisanal traditionnel de la Sardaigne, qui se refl\u00e8te \u00e9galement dans les dessins des tissus d&rsquo;ameublement, dans les meubles d&rsquo;int\u00e9rieur et dans les sols en travertin, en pierre ou en bois. Toutes nos suites sont \u00e9quip\u00e9es avec les meilleurs \u00e9quipements et des <strong>spectaculaires terrasses surplombant la mer<\/strong>, dot\u00e9es de confortables meubles d&rsquo;ext\u00e9rieur, d&rsquo;o\u00f9 vous pourrez acc\u00e9der \u00e0 <strong>votre jardin priv\u00e9<\/strong>.<\/p>\n<p>Au <strong>Ristorante del Mare<\/strong>, les clients des Suites peuvent d\u00e9guster des plats pr\u00e9par\u00e9s magistralement avec des produits frais et de saison, servis \u00e0 la carte.<\/p>\n<p>Pour un s\u00e9jour minimum de 7 nuits, les clients b\u00e9n\u00e9ficieront \u00e9galement d&rsquo;avantages exclusifs, tels que le <strong>transport priv\u00e9<\/strong> depuis\/vers les a\u00e9roports de Cagliari et d&rsquo;Olbia et un massage de bienvenue dans notre merveilleux et relaxant <strong>Centre De Bien-\u00catre SPA Bellavista<\/strong>.<\/p>\n","protected":false},"excerpt":{"rendered":"<p>La beaut\u00e9 de la mer la plus bleue, qui se d\u00e9plie \u00e0 perte de vue. Le luxe des mat\u00e9riaux : le bois et le granit sardes pli\u00e9s et fa\u00e7onn\u00e9s de fa\u00e7on exquise par la main de l&rsquo;homme et de la nature. Le calme de l&rsquo;\u00e9l\u00e9gance, o\u00f9 le d\u00e9tail fait \u00e9cho dans cette terre ancienne. La [&hellip;]<\/p>\n","protected":false},"author":7,"featured_media":0,"parent":0,"menu_order":20,"comment_status":"closed","ping_status":"closed","template":"template-rooms.php","meta":{"footnotes":""},"class_list":["post-109","page","type-page","status-publish","hentry"],"yoast_head":"<!-- This site is optimized with the Yoast SEO plugin v26.9 - https:\/\/yoast.com\/product\/yoast-seo-wordpress\/ -->\n<title>Les Suites - Suites del mare<\/title>\n<meta name=\"robots\" content=\"index, follow, max-snippet:-1, max-image-preview:large, max-video-preview:-1\" \/>\n<link rel=\"canonical\" href=\"https:\/\/www.suitesdelmare.com\/fr\/les-suites\/\" \/>\n<meta property=\"og:locale\" content=\"fr_FR\" \/>\n<meta property=\"og:type\" content=\"article\" \/>\n<meta property=\"og:title\" content=\"Les Suites - Suites del mare\" \/>\n<meta property=\"og:description\" content=\"La beaut\u00e9 de la mer la plus bleue, qui se d\u00e9plie \u00e0 perte de vue. Le luxe des mat\u00e9riaux : le bois et le granit sardes pli\u00e9s et fa\u00e7onn\u00e9s de fa\u00e7on exquise par la main de l&rsquo;homme et de la nature. Le calme de l&rsquo;\u00e9l\u00e9gance, o\u00f9 le d\u00e9tail fait \u00e9cho dans cette terre ancienne. La [&hellip;]\" \/>\n<meta property=\"og:url\" content=\"https:\/\/www.suitesdelmare.com\/fr\/les-suites\/\" \/>\n<meta property=\"og:site_name\" content=\"Suites del mare\" \/>\n<meta property=\"article:modified_time\" content=\"2023-06-10T13:41:43+00:00\" \/>\n<meta name=\"twitter:card\" content=\"summary_large_image\" \/>\n<meta name=\"twitter:label1\" content=\"Dur\u00e9e de lecture estim\u00e9e\" \/>\n\t<meta name=\"twitter:data1\" content=\"2 minutes\" \/>\n<script type=\"application\/ld+json\" class=\"yoast-schema-graph\">{\"@context\":\"https:\/\/schema.org\",\"@graph\":[{\"@type\":\"WebPage\",\"@id\":\"https:\/\/www.suitesdelmare.com\/fr\/les-suites\/\",\"url\":\"https:\/\/www.suitesdelmare.com\/fr\/les-suites\/\",\"name\":\"Les Suites - Suites del mare\",\"isPartOf\":{\"@id\":\"https:\/\/www.suitesdelmare.com\/fr\/#website\"},\"datePublished\":\"2020-09-22T14:09:55+00:00\",\"dateModified\":\"2023-06-10T13:41:43+00:00\",\"breadcrumb\":{\"@id\":\"https:\/\/www.suitesdelmare.com\/fr\/les-suites\/#breadcrumb\"},\"inLanguage\":\"fr-FR\",\"potentialAction\":[{\"@type\":\"ReadAction\",\"target\":[\"https:\/\/www.suitesdelmare.com\/fr\/les-suites\/\"]}]},{\"@type\":\"BreadcrumbList\",\"@id\":\"https:\/\/www.suitesdelmare.com\/fr\/les-suites\/#breadcrumb\",\"itemListElement\":[{\"@type\":\"ListItem\",\"position\":1,\"name\":\"Home\",\"item\":\"https:\/\/www.suitesdelmare.com\/fr\/\"},{\"@type\":\"ListItem\",\"position\":2,\"name\":\"Les Suites\"}]},{\"@type\":\"WebSite\",\"@id\":\"https:\/\/www.suitesdelmare.com\/fr\/#website\",\"url\":\"https:\/\/www.suitesdelmare.com\/fr\/\",\"name\":\"Suites del mare\",\"description\":\"Just another ms.decms.eu site\",\"potentialAction\":[{\"@type\":\"SearchAction\",\"target\":{\"@type\":\"EntryPoint\",\"urlTemplate\":\"https:\/\/www.suitesdelmare.com\/fr\/?s={search_term_string}\"},\"query-input\":{\"@type\":\"PropertyValueSpecification\",\"valueRequired\":true,\"valueName\":\"search_term_string\"}}],\"inLanguage\":\"fr-FR\"}]}<\/script>\n<!-- \/ Yoast SEO plugin. -->","yoast_head_json":{"title":"Les Suites - Suites del mare","robots":{"index":"index","follow":"follow","max-snippet":"max-snippet:-1","max-image-preview":"max-image-preview:large","max-video-preview":"max-video-preview:-1"},"canonical":"https:\/\/www.suitesdelmare.com\/fr\/les-suites\/","og_locale":"fr_FR","og_type":"article","og_title":"Les Suites - Suites del mare","og_description":"La beaut\u00e9 de la mer la plus bleue, qui se d\u00e9plie \u00e0 perte de vue. Le luxe des mat\u00e9riaux : le bois et le granit sardes pli\u00e9s et fa\u00e7onn\u00e9s de fa\u00e7on exquise par la main de l&rsquo;homme et de la nature. Le calme de l&rsquo;\u00e9l\u00e9gance, o\u00f9 le d\u00e9tail fait \u00e9cho dans cette terre ancienne. La [&hellip;]","og_url":"https:\/\/www.suitesdelmare.com\/fr\/les-suites\/","og_site_name":"Suites del mare","article_modified_time":"2023-06-10T13:41:43+00:00","twitter_card":"summary_large_image","twitter_misc":{"Dur\u00e9e de lecture estim\u00e9e":"2 minutes"},"schema":{"@context":"https:\/\/schema.org","@graph":[{"@type":"WebPage","@id":"https:\/\/www.suitesdelmare.com\/fr\/les-suites\/","url":"https:\/\/www.suitesdelmare.com\/fr\/les-suites\/","name":"Les Suites - Suites del mare","isPartOf":{"@id":"https:\/\/www.suitesdelmare.com\/fr\/#website"},"datePublished":"2020-09-22T14:09:55+00:00","dateModified":"2023-06-10T13:41:43+00:00","breadcrumb":{"@id":"https:\/\/www.suitesdelmare.com\/fr\/les-suites\/#breadcrumb"},"inLanguage":"fr-FR","potentialAction":[{"@type":"ReadAction","target":["https:\/\/www.suitesdelmare.com\/fr\/les-suites\/"]}]},{"@type":"BreadcrumbList","@id":"https:\/\/www.suitesdelmare.com\/fr\/les-suites\/#breadcrumb","itemListElement":[{"@type":"ListItem","position":1,"name":"Home","item":"https:\/\/www.suitesdelmare.com\/fr\/"},{"@type":"ListItem","position":2,"name":"Les Suites"}]},{"@type":"WebSite","@id":"https:\/\/www.suitesdelmare.com\/fr\/#website","url":"https:\/\/www.suitesdelmare.com\/fr\/","name":"Suites del mare","description":"Just another ms.decms.eu site","potentialAction":[{"@type":"SearchAction","target":{"@type":"EntryPoint","urlTemplate":"https:\/\/www.suitesdelmare.com\/fr\/?s={search_term_string}"},"query-input":{"@type":"PropertyValueSpecification","valueRequired":true,"valueName":"search_term_string"}}],"inLanguage":"fr-FR"}]}},"acf":[],"_links":{"self":[{"href":"https:\/\/www.suitesdelmare.com\/fr\/wp-json\/wp\/v2\/pages\/109","targetHints":{"allow":["GET"]}}],"collection":[{"href":"https:\/\/www.suitesdelmare.com\/fr\/wp-json\/wp\/v2\/pages"}],"about":[{"href":"https:\/\/www.suitesdelmare.com\/fr\/wp-json\/wp\/v2\/types\/page"}],"author":[{"embeddable":true,"href":"https:\/\/www.suitesdelmare.com\/fr\/wp-json\/wp\/v2\/users\/7"}],"replies":[{"embeddable":true,"href":"https:\/\/www.suitesdelmare.com\/fr\/wp-json\/wp\/v2\/comments?post=109"}],"version-history":[{"count":0,"href":"https:\/\/www.suitesdelmare.com\/fr\/wp-json\/wp\/v2\/pages\/109\/revisions"}],"wp:attachment":[{"href":"https:\/\/www.suitesdelmare.com\/fr\/wp-json\/wp\/v2\/media?parent=109"}],"curies":[{"name":"wp","href":"https:\/\/api.w.org\/{rel}","templated":true}]}}