{"id":7,"date":"2020-09-18T07:28:36","date_gmt":"2020-09-18T07:28:36","guid":{"rendered":"http:\/\/suites-del-mare.ms.decms.eu\/?page_id=7"},"modified":"2023-05-02T13:06:23","modified_gmt":"2023-05-02T13:06:23","slug":"suites-del-mare","status":"publish","type":"page","link":"https:\/\/www.suitesdelmare.com\/es\/","title":{"rendered":"Suites del Mare"},"content":{"rendered":"<p>Las <strong>Suites del Mare<\/strong> dominan las bah\u00edas m\u00e1s exclusivas y sorprendentes del <strong>Arbatax Park Resort<\/strong>, en un rinc\u00f3n de naturaleza donde se unen la privacidad y la elegancia.<\/p>\n<p>El aroma de la brisa marina, el suave sonido de las olas, el estilo refinado del mobiliario y los grandes ventanales que enmarcan el horizonte: una verdadera representaci\u00f3n de la autenticidad sarda combinada con las comodidades modernas, una combinaci\u00f3n perfecta de pasado y presente.<\/p>\n<p>Las Suites del Mare se componen de 17 habitaciones caracterizadas por su encanto, refinamiento e intimidad.<\/p>\n","protected":false},"excerpt":{"rendered":"<p>Las Suites del Mare dominan las bah\u00edas m\u00e1s exclusivas y sorprendentes del Arbatax Park Resort, en un rinc\u00f3n de naturaleza donde se unen la privacidad y la elegancia. El aroma de la brisa marina, el suave sonido de las olas, el estilo refinado del mobiliario y los grandes ventanales que enmarcan el horizonte: una verdadera [&hellip;]<\/p>\n","protected":false},"author":17,"featured_media":0,"parent":0,"menu_order":10,"comment_status":"closed","ping_status":"open","template":"","meta":{"footnotes":""},"class_list":["post-7","page","type-page","status-publish","hentry"],"yoast_head":"<!-- This site is optimized with the Yoast SEO plugin v26.9 - https:\/\/yoast.com\/product\/yoast-seo-wordpress\/ -->\n<title>Suites del Mare - Suites del mare<\/title>\n<meta name=\"robots\" content=\"index, follow, max-snippet:-1, max-image-preview:large, max-video-preview:-1\" \/>\n<link rel=\"canonical\" href=\"https:\/\/www.suitesdelmare.com\/es\/\" \/>\n<meta property=\"og:locale\" content=\"es_ES\" \/>\n<meta property=\"og:type\" content=\"article\" \/>\n<meta property=\"og:title\" content=\"Suites del Mare - Suites del mare\" \/>\n<meta property=\"og:description\" content=\"Las Suites del Mare dominan las bah\u00edas m\u00e1s exclusivas y sorprendentes del Arbatax Park Resort, en un rinc\u00f3n de naturaleza donde se unen la privacidad y la elegancia. El aroma de la brisa marina, el suave sonido de las olas, el estilo refinado del mobiliario y los grandes ventanales que enmarcan el horizonte: una verdadera [&hellip;]\" \/>\n<meta property=\"og:url\" content=\"https:\/\/www.suitesdelmare.com\/es\/\" \/>\n<meta property=\"og:site_name\" content=\"Suites del mare\" \/>\n<meta property=\"article:modified_time\" content=\"2023-05-02T13:06:23+00:00\" \/>\n<meta name=\"twitter:card\" content=\"summary_large_image\" \/>\n<meta name=\"twitter:label1\" content=\"Tiempo de lectura\" \/>\n\t<meta name=\"twitter:data1\" content=\"1 minuto\" \/>\n<script type=\"application\/ld+json\" class=\"yoast-schema-graph\">{\"@context\":\"https:\/\/schema.org\",\"@graph\":[{\"@type\":\"WebPage\",\"@id\":\"https:\/\/www.suitesdelmare.com\/es\/\",\"url\":\"https:\/\/www.suitesdelmare.com\/es\/\",\"name\":\"Suites del Mare - Suites del mare\",\"isPartOf\":{\"@id\":\"https:\/\/www.suitesdelmare.com\/es\/#website\"},\"datePublished\":\"2020-09-18T07:28:36+00:00\",\"dateModified\":\"2023-05-02T13:06:23+00:00\",\"breadcrumb\":{\"@id\":\"https:\/\/www.suitesdelmare.com\/es\/#breadcrumb\"},\"inLanguage\":\"es\",\"potentialAction\":[{\"@type\":\"ReadAction\",\"target\":[\"https:\/\/www.suitesdelmare.com\/es\/\"]}]},{\"@type\":\"BreadcrumbList\",\"@id\":\"https:\/\/www.suitesdelmare.com\/es\/#breadcrumb\",\"itemListElement\":[{\"@type\":\"ListItem\",\"position\":1,\"name\":\"Home\",\"item\":\"https:\/\/www.suitesdelmare.com\/es\/\"},{\"@type\":\"ListItem\",\"position\":2,\"name\":\"Suites del Mare\"}]},{\"@type\":\"WebSite\",\"@id\":\"https:\/\/www.suitesdelmare.com\/es\/#website\",\"url\":\"https:\/\/www.suitesdelmare.com\/es\/\",\"name\":\"Suites del mare\",\"description\":\"Just another ms.decms.eu site\",\"potentialAction\":[{\"@type\":\"SearchAction\",\"target\":{\"@type\":\"EntryPoint\",\"urlTemplate\":\"https:\/\/www.suitesdelmare.com\/es\/?s={search_term_string}\"},\"query-input\":{\"@type\":\"PropertyValueSpecification\",\"valueRequired\":true,\"valueName\":\"search_term_string\"}}],\"inLanguage\":\"es\"}]}<\/script>\n<!-- \/ Yoast SEO plugin. -->","yoast_head_json":{"title":"Suites del Mare - Suites del mare","robots":{"index":"index","follow":"follow","max-snippet":"max-snippet:-1","max-image-preview":"max-image-preview:large","max-video-preview":"max-video-preview:-1"},"canonical":"https:\/\/www.suitesdelmare.com\/es\/","og_locale":"es_ES","og_type":"article","og_title":"Suites del Mare - Suites del mare","og_description":"Las Suites del Mare dominan las bah\u00edas m\u00e1s exclusivas y sorprendentes del Arbatax Park Resort, en un rinc\u00f3n de naturaleza donde se unen la privacidad y la elegancia. El aroma de la brisa marina, el suave sonido de las olas, el estilo refinado del mobiliario y los grandes ventanales que enmarcan el horizonte: una verdadera [&hellip;]","og_url":"https:\/\/www.suitesdelmare.com\/es\/","og_site_name":"Suites del mare","article_modified_time":"2023-05-02T13:06:23+00:00","twitter_card":"summary_large_image","twitter_misc":{"Tiempo de lectura":"1 minuto"},"schema":{"@context":"https:\/\/schema.org","@graph":[{"@type":"WebPage","@id":"https:\/\/www.suitesdelmare.com\/es\/","url":"https:\/\/www.suitesdelmare.com\/es\/","name":"Suites del Mare - Suites del mare","isPartOf":{"@id":"https:\/\/www.suitesdelmare.com\/es\/#website"},"datePublished":"2020-09-18T07:28:36+00:00","dateModified":"2023-05-02T13:06:23+00:00","breadcrumb":{"@id":"https:\/\/www.suitesdelmare.com\/es\/#breadcrumb"},"inLanguage":"es","potentialAction":[{"@type":"ReadAction","target":["https:\/\/www.suitesdelmare.com\/es\/"]}]},{"@type":"BreadcrumbList","@id":"https:\/\/www.suitesdelmare.com\/es\/#breadcrumb","itemListElement":[{"@type":"ListItem","position":1,"name":"Home","item":"https:\/\/www.suitesdelmare.com\/es\/"},{"@type":"ListItem","position":2,"name":"Suites del Mare"}]},{"@type":"WebSite","@id":"https:\/\/www.suitesdelmare.com\/es\/#website","url":"https:\/\/www.suitesdelmare.com\/es\/","name":"Suites del mare","description":"Just another ms.decms.eu site","potentialAction":[{"@type":"SearchAction","target":{"@type":"EntryPoint","urlTemplate":"https:\/\/www.suitesdelmare.com\/es\/?s={search_term_string}"},"query-input":{"@type":"PropertyValueSpecification","valueRequired":true,"valueName":"search_term_string"}}],"inLanguage":"es"}]}},"acf":[],"_links":{"self":[{"href":"https:\/\/www.suitesdelmare.com\/es\/wp-json\/wp\/v2\/pages\/7","targetHints":{"allow":["GET"]}}],"collection":[{"href":"https:\/\/www.suitesdelmare.com\/es\/wp-json\/wp\/v2\/pages"}],"about":[{"href":"https:\/\/www.suitesdelmare.com\/es\/wp-json\/wp\/v2\/types\/page"}],"author":[{"embeddable":true,"href":"https:\/\/www.suitesdelmare.com\/es\/wp-json\/wp\/v2\/users\/17"}],"replies":[{"embeddable":true,"href":"https:\/\/www.suitesdelmare.com\/es\/wp-json\/wp\/v2\/comments?post=7"}],"version-history":[{"count":0,"href":"https:\/\/www.suitesdelmare.com\/es\/wp-json\/wp\/v2\/pages\/7\/revisions"}],"wp:attachment":[{"href":"https:\/\/www.suitesdelmare.com\/es\/wp-json\/wp\/v2\/media?parent=7"}],"curies":[{"name":"wp","href":"https:\/\/api.w.org\/{rel}","templated":true}]}}