{"id":284,"date":"2020-09-28T13:39:30","date_gmt":"2020-09-28T13:39:30","guid":{"rendered":"http:\/\/suites-del-mare.ms.decms.eu\/?page_id=284"},"modified":"2021-04-07T08:22:54","modified_gmt":"2021-04-07T08:22:54","slug":"parque-natural-bellavista","status":"publish","type":"page","link":"https:\/\/www.suitesdelmare.com\/es\/parque-natural-bellavista\/","title":{"rendered":"Parque Natural Bellavista"},"content":{"rendered":"<p>En el centro de Ogliastra, la pen\u00ednsula de Bellavista es una isla dentro de la isla, un para\u00edso a\u00fan intacto en su agreste belleza. En este microcosmos encuentra su lugar el <strong>Parque Natural Bellavista<\/strong> que con sus 40 hect\u00e1reas es el hogar de animales y plantas t\u00edpicas de la flora y la fauna de Cerde\u00f1a.<\/p>\n<p>Entre \u00e1rboles de olivo, lentisco y mirto se alojan animales t\u00edpicos como carneros, jabal\u00edes y caballos de giara, ciervos, asnos, ovejas y vacas sardas, adem\u00e1s una gran variedad de aves encuentran refugio seguro en un ecosistema protegido.<\/p>\n","protected":false},"excerpt":{"rendered":"<p>En el centro de Ogliastra, la pen\u00ednsula de Bellavista es una isla dentro de la isla, un para\u00edso a\u00fan intacto en su agreste belleza. En este microcosmos encuentra su lugar el Parque Natural Bellavista que con sus 40 hect\u00e1reas es el hogar de animales y plantas t\u00edpicas de la flora y la fauna de Cerde\u00f1a. [&hellip;]<\/p>\n","protected":false},"author":7,"featured_media":0,"parent":0,"menu_order":90,"comment_status":"closed","ping_status":"closed","template":"","meta":{"footnotes":""},"class_list":["post-284","page","type-page","status-publish","hentry"],"yoast_head":"<!-- This site is optimized with the Yoast SEO plugin v26.9 - https:\/\/yoast.com\/product\/yoast-seo-wordpress\/ -->\n<title>Parque Natural Bellavista - Suites del mare<\/title>\n<meta name=\"robots\" content=\"index, follow, max-snippet:-1, max-image-preview:large, max-video-preview:-1\" \/>\n<link rel=\"canonical\" href=\"https:\/\/www.suitesdelmare.com\/es\/parque-natural-bellavista\/\" \/>\n<meta property=\"og:locale\" content=\"es_ES\" \/>\n<meta property=\"og:type\" content=\"article\" \/>\n<meta property=\"og:title\" content=\"Parque Natural Bellavista - Suites del mare\" \/>\n<meta property=\"og:description\" content=\"En el centro de Ogliastra, la pen\u00ednsula de Bellavista es una isla dentro de la isla, un para\u00edso a\u00fan intacto en su agreste belleza. En este microcosmos encuentra su lugar el Parque Natural Bellavista que con sus 40 hect\u00e1reas es el hogar de animales y plantas t\u00edpicas de la flora y la fauna de Cerde\u00f1a. [&hellip;]\" \/>\n<meta property=\"og:url\" content=\"https:\/\/www.suitesdelmare.com\/es\/parque-natural-bellavista\/\" \/>\n<meta property=\"og:site_name\" content=\"Suites del mare\" \/>\n<meta property=\"article:modified_time\" content=\"2021-04-07T08:22:54+00:00\" \/>\n<meta name=\"twitter:card\" content=\"summary_large_image\" \/>\n<meta name=\"twitter:label1\" content=\"Tiempo de lectura\" \/>\n\t<meta name=\"twitter:data1\" content=\"1 minuto\" \/>\n<script type=\"application\/ld+json\" class=\"yoast-schema-graph\">{\"@context\":\"https:\/\/schema.org\",\"@graph\":[{\"@type\":\"WebPage\",\"@id\":\"https:\/\/www.suitesdelmare.com\/es\/parque-natural-bellavista\/\",\"url\":\"https:\/\/www.suitesdelmare.com\/es\/parque-natural-bellavista\/\",\"name\":\"Parque Natural Bellavista - Suites del mare\",\"isPartOf\":{\"@id\":\"https:\/\/www.suitesdelmare.com\/es\/#website\"},\"datePublished\":\"2020-09-28T13:39:30+00:00\",\"dateModified\":\"2021-04-07T08:22:54+00:00\",\"breadcrumb\":{\"@id\":\"https:\/\/www.suitesdelmare.com\/es\/parque-natural-bellavista\/#breadcrumb\"},\"inLanguage\":\"es\",\"potentialAction\":[{\"@type\":\"ReadAction\",\"target\":[\"https:\/\/www.suitesdelmare.com\/es\/parque-natural-bellavista\/\"]}]},{\"@type\":\"BreadcrumbList\",\"@id\":\"https:\/\/www.suitesdelmare.com\/es\/parque-natural-bellavista\/#breadcrumb\",\"itemListElement\":[{\"@type\":\"ListItem\",\"position\":1,\"name\":\"Home\",\"item\":\"https:\/\/www.suitesdelmare.com\/es\/\"},{\"@type\":\"ListItem\",\"position\":2,\"name\":\"Parque Natural Bellavista\"}]},{\"@type\":\"WebSite\",\"@id\":\"https:\/\/www.suitesdelmare.com\/es\/#website\",\"url\":\"https:\/\/www.suitesdelmare.com\/es\/\",\"name\":\"Suites del mare\",\"description\":\"Just another ms.decms.eu site\",\"potentialAction\":[{\"@type\":\"SearchAction\",\"target\":{\"@type\":\"EntryPoint\",\"urlTemplate\":\"https:\/\/www.suitesdelmare.com\/es\/?s={search_term_string}\"},\"query-input\":{\"@type\":\"PropertyValueSpecification\",\"valueRequired\":true,\"valueName\":\"search_term_string\"}}],\"inLanguage\":\"es\"}]}<\/script>\n<!-- \/ Yoast SEO plugin. -->","yoast_head_json":{"title":"Parque Natural Bellavista - Suites del mare","robots":{"index":"index","follow":"follow","max-snippet":"max-snippet:-1","max-image-preview":"max-image-preview:large","max-video-preview":"max-video-preview:-1"},"canonical":"https:\/\/www.suitesdelmare.com\/es\/parque-natural-bellavista\/","og_locale":"es_ES","og_type":"article","og_title":"Parque Natural Bellavista - Suites del mare","og_description":"En el centro de Ogliastra, la pen\u00ednsula de Bellavista es una isla dentro de la isla, un para\u00edso a\u00fan intacto en su agreste belleza. En este microcosmos encuentra su lugar el Parque Natural Bellavista que con sus 40 hect\u00e1reas es el hogar de animales y plantas t\u00edpicas de la flora y la fauna de Cerde\u00f1a. [&hellip;]","og_url":"https:\/\/www.suitesdelmare.com\/es\/parque-natural-bellavista\/","og_site_name":"Suites del mare","article_modified_time":"2021-04-07T08:22:54+00:00","twitter_card":"summary_large_image","twitter_misc":{"Tiempo de lectura":"1 minuto"},"schema":{"@context":"https:\/\/schema.org","@graph":[{"@type":"WebPage","@id":"https:\/\/www.suitesdelmare.com\/es\/parque-natural-bellavista\/","url":"https:\/\/www.suitesdelmare.com\/es\/parque-natural-bellavista\/","name":"Parque Natural Bellavista - Suites del mare","isPartOf":{"@id":"https:\/\/www.suitesdelmare.com\/es\/#website"},"datePublished":"2020-09-28T13:39:30+00:00","dateModified":"2021-04-07T08:22:54+00:00","breadcrumb":{"@id":"https:\/\/www.suitesdelmare.com\/es\/parque-natural-bellavista\/#breadcrumb"},"inLanguage":"es","potentialAction":[{"@type":"ReadAction","target":["https:\/\/www.suitesdelmare.com\/es\/parque-natural-bellavista\/"]}]},{"@type":"BreadcrumbList","@id":"https:\/\/www.suitesdelmare.com\/es\/parque-natural-bellavista\/#breadcrumb","itemListElement":[{"@type":"ListItem","position":1,"name":"Home","item":"https:\/\/www.suitesdelmare.com\/es\/"},{"@type":"ListItem","position":2,"name":"Parque Natural Bellavista"}]},{"@type":"WebSite","@id":"https:\/\/www.suitesdelmare.com\/es\/#website","url":"https:\/\/www.suitesdelmare.com\/es\/","name":"Suites del mare","description":"Just another ms.decms.eu site","potentialAction":[{"@type":"SearchAction","target":{"@type":"EntryPoint","urlTemplate":"https:\/\/www.suitesdelmare.com\/es\/?s={search_term_string}"},"query-input":{"@type":"PropertyValueSpecification","valueRequired":true,"valueName":"search_term_string"}}],"inLanguage":"es"}]}},"acf":[],"_links":{"self":[{"href":"https:\/\/www.suitesdelmare.com\/es\/wp-json\/wp\/v2\/pages\/284","targetHints":{"allow":["GET"]}}],"collection":[{"href":"https:\/\/www.suitesdelmare.com\/es\/wp-json\/wp\/v2\/pages"}],"about":[{"href":"https:\/\/www.suitesdelmare.com\/es\/wp-json\/wp\/v2\/types\/page"}],"author":[{"embeddable":true,"href":"https:\/\/www.suitesdelmare.com\/es\/wp-json\/wp\/v2\/users\/7"}],"replies":[{"embeddable":true,"href":"https:\/\/www.suitesdelmare.com\/es\/wp-json\/wp\/v2\/comments?post=284"}],"version-history":[{"count":0,"href":"https:\/\/www.suitesdelmare.com\/es\/wp-json\/wp\/v2\/pages\/284\/revisions"}],"wp:attachment":[{"href":"https:\/\/www.suitesdelmare.com\/es\/wp-json\/wp\/v2\/media?parent=284"}],"curies":[{"name":"wp","href":"https:\/\/api.w.org\/{rel}","templated":true}]}}