{"id":235,"date":"2020-09-25T15:00:33","date_gmt":"2020-09-25T15:00:33","guid":{"rendered":"http:\/\/suites-del-mare.ms.decms.eu\/?page_id=235"},"modified":"2020-09-30T14:03:23","modified_gmt":"2020-09-30T14:03:23","slug":"como-llegar","status":"publish","type":"page","link":"https:\/\/www.suitesdelmare.com\/es\/como-llegar\/","title":{"rendered":"C\u00f3mo llegar"},"content":{"rendered":"<p>Toma su nombre de Arbatax, una peque\u00f1a ciudad de unos 1000 habitantes, municipio junto al mar que depende de Tortol\u00ec, ciudad de mayores dimensiones. Llegar hasta aqu\u00ed es f\u00e1cil, gracias a una serie de conexiones directas con el puerto de Arbatax y con los otros puertos y aeropuertos de la isla.<br \/>\nUn servicio semanal conecta el puerto de Arbatax con Civitavecchia y G\u00e9nova durante todo el a\u00f1o. El puerto deportivo de Arbatax dispone de unos 400 atraques y cuenta con todos los servicios principales.<\/p>\n","protected":false},"excerpt":{"rendered":"<p>Toma su nombre de Arbatax, una peque\u00f1a ciudad de unos 1000 habitantes, municipio junto al mar que depende de Tortol\u00ec, ciudad de mayores dimensiones. Llegar hasta aqu\u00ed es f\u00e1cil, gracias a una serie de conexiones directas con el puerto de Arbatax y con los otros puertos y aeropuertos de la isla. Un servicio semanal conecta [&hellip;]<\/p>\n","protected":false},"author":7,"featured_media":0,"parent":0,"menu_order":60,"comment_status":"closed","ping_status":"closed","template":"template-location.php","meta":{"footnotes":""},"class_list":["post-235","page","type-page","status-publish","hentry"],"yoast_head":"<!-- This site is optimized with the Yoast SEO plugin v26.9 - https:\/\/yoast.com\/product\/yoast-seo-wordpress\/ -->\n<title>C\u00f3mo llegar - Suites del mare<\/title>\n<meta name=\"robots\" content=\"index, follow, max-snippet:-1, max-image-preview:large, max-video-preview:-1\" \/>\n<link rel=\"canonical\" href=\"https:\/\/www.suitesdelmare.com\/es\/como-llegar\/\" \/>\n<meta property=\"og:locale\" content=\"es_ES\" \/>\n<meta property=\"og:type\" content=\"article\" \/>\n<meta property=\"og:title\" content=\"C\u00f3mo llegar - Suites del mare\" \/>\n<meta property=\"og:description\" content=\"Toma su nombre de Arbatax, una peque\u00f1a ciudad de unos 1000 habitantes, municipio junto al mar que depende de Tortol\u00ec, ciudad de mayores dimensiones. Llegar hasta aqu\u00ed es f\u00e1cil, gracias a una serie de conexiones directas con el puerto de Arbatax y con los otros puertos y aeropuertos de la isla. Un servicio semanal conecta [&hellip;]\" \/>\n<meta property=\"og:url\" content=\"https:\/\/www.suitesdelmare.com\/es\/como-llegar\/\" \/>\n<meta property=\"og:site_name\" content=\"Suites del mare\" \/>\n<meta property=\"article:modified_time\" content=\"2020-09-30T14:03:23+00:00\" \/>\n<meta name=\"twitter:card\" content=\"summary_large_image\" \/>\n<script type=\"application\/ld+json\" class=\"yoast-schema-graph\">{\"@context\":\"https:\/\/schema.org\",\"@graph\":[{\"@type\":\"WebPage\",\"@id\":\"https:\/\/www.suitesdelmare.com\/es\/como-llegar\/\",\"url\":\"https:\/\/www.suitesdelmare.com\/es\/como-llegar\/\",\"name\":\"C\u00f3mo llegar - Suites del mare\",\"isPartOf\":{\"@id\":\"https:\/\/www.suitesdelmare.com\/es\/#website\"},\"datePublished\":\"2020-09-25T15:00:33+00:00\",\"dateModified\":\"2020-09-30T14:03:23+00:00\",\"breadcrumb\":{\"@id\":\"https:\/\/www.suitesdelmare.com\/es\/como-llegar\/#breadcrumb\"},\"inLanguage\":\"es\",\"potentialAction\":[{\"@type\":\"ReadAction\",\"target\":[\"https:\/\/www.suitesdelmare.com\/es\/como-llegar\/\"]}]},{\"@type\":\"BreadcrumbList\",\"@id\":\"https:\/\/www.suitesdelmare.com\/es\/como-llegar\/#breadcrumb\",\"itemListElement\":[{\"@type\":\"ListItem\",\"position\":1,\"name\":\"Home\",\"item\":\"https:\/\/www.suitesdelmare.com\/es\/\"},{\"@type\":\"ListItem\",\"position\":2,\"name\":\"C\u00f3mo llegar\"}]},{\"@type\":\"WebSite\",\"@id\":\"https:\/\/www.suitesdelmare.com\/es\/#website\",\"url\":\"https:\/\/www.suitesdelmare.com\/es\/\",\"name\":\"Suites del mare\",\"description\":\"Just another ms.decms.eu site\",\"potentialAction\":[{\"@type\":\"SearchAction\",\"target\":{\"@type\":\"EntryPoint\",\"urlTemplate\":\"https:\/\/www.suitesdelmare.com\/es\/?s={search_term_string}\"},\"query-input\":{\"@type\":\"PropertyValueSpecification\",\"valueRequired\":true,\"valueName\":\"search_term_string\"}}],\"inLanguage\":\"es\"}]}<\/script>\n<!-- \/ Yoast SEO plugin. -->","yoast_head_json":{"title":"C\u00f3mo llegar - Suites del mare","robots":{"index":"index","follow":"follow","max-snippet":"max-snippet:-1","max-image-preview":"max-image-preview:large","max-video-preview":"max-video-preview:-1"},"canonical":"https:\/\/www.suitesdelmare.com\/es\/como-llegar\/","og_locale":"es_ES","og_type":"article","og_title":"C\u00f3mo llegar - Suites del mare","og_description":"Toma su nombre de Arbatax, una peque\u00f1a ciudad de unos 1000 habitantes, municipio junto al mar que depende de Tortol\u00ec, ciudad de mayores dimensiones. Llegar hasta aqu\u00ed es f\u00e1cil, gracias a una serie de conexiones directas con el puerto de Arbatax y con los otros puertos y aeropuertos de la isla. Un servicio semanal conecta [&hellip;]","og_url":"https:\/\/www.suitesdelmare.com\/es\/como-llegar\/","og_site_name":"Suites del mare","article_modified_time":"2020-09-30T14:03:23+00:00","twitter_card":"summary_large_image","schema":{"@context":"https:\/\/schema.org","@graph":[{"@type":"WebPage","@id":"https:\/\/www.suitesdelmare.com\/es\/como-llegar\/","url":"https:\/\/www.suitesdelmare.com\/es\/como-llegar\/","name":"C\u00f3mo llegar - Suites del mare","isPartOf":{"@id":"https:\/\/www.suitesdelmare.com\/es\/#website"},"datePublished":"2020-09-25T15:00:33+00:00","dateModified":"2020-09-30T14:03:23+00:00","breadcrumb":{"@id":"https:\/\/www.suitesdelmare.com\/es\/como-llegar\/#breadcrumb"},"inLanguage":"es","potentialAction":[{"@type":"ReadAction","target":["https:\/\/www.suitesdelmare.com\/es\/como-llegar\/"]}]},{"@type":"BreadcrumbList","@id":"https:\/\/www.suitesdelmare.com\/es\/como-llegar\/#breadcrumb","itemListElement":[{"@type":"ListItem","position":1,"name":"Home","item":"https:\/\/www.suitesdelmare.com\/es\/"},{"@type":"ListItem","position":2,"name":"C\u00f3mo llegar"}]},{"@type":"WebSite","@id":"https:\/\/www.suitesdelmare.com\/es\/#website","url":"https:\/\/www.suitesdelmare.com\/es\/","name":"Suites del mare","description":"Just another ms.decms.eu site","potentialAction":[{"@type":"SearchAction","target":{"@type":"EntryPoint","urlTemplate":"https:\/\/www.suitesdelmare.com\/es\/?s={search_term_string}"},"query-input":{"@type":"PropertyValueSpecification","valueRequired":true,"valueName":"search_term_string"}}],"inLanguage":"es"}]}},"acf":[],"_links":{"self":[{"href":"https:\/\/www.suitesdelmare.com\/es\/wp-json\/wp\/v2\/pages\/235","targetHints":{"allow":["GET"]}}],"collection":[{"href":"https:\/\/www.suitesdelmare.com\/es\/wp-json\/wp\/v2\/pages"}],"about":[{"href":"https:\/\/www.suitesdelmare.com\/es\/wp-json\/wp\/v2\/types\/page"}],"author":[{"embeddable":true,"href":"https:\/\/www.suitesdelmare.com\/es\/wp-json\/wp\/v2\/users\/7"}],"replies":[{"embeddable":true,"href":"https:\/\/www.suitesdelmare.com\/es\/wp-json\/wp\/v2\/comments?post=235"}],"version-history":[{"count":0,"href":"https:\/\/www.suitesdelmare.com\/es\/wp-json\/wp\/v2\/pages\/235\/revisions"}],"wp:attachment":[{"href":"https:\/\/www.suitesdelmare.com\/es\/wp-json\/wp\/v2\/media?parent=235"}],"curies":[{"name":"wp","href":"https:\/\/api.w.org\/{rel}","templated":true}]}}