{"id":177,"date":"2020-09-24T09:50:47","date_gmt":"2020-09-24T09:50:47","guid":{"rendered":"http:\/\/suites-del-mare.ms.decms.eu\/?page_id=177"},"modified":"2021-01-20T00:57:04","modified_gmt":"2021-01-20T00:57:04","slug":"suite-torre","status":"publish","type":"page","link":"https:\/\/www.suitesdelmare.com\/es\/las-suites\/suite-torre\/","title":{"rendered":"Suite Torre"},"content":{"rendered":"<p>D\u00e9jaos envolver en la flora mediterr\u00e1nea y d\u00e9jaos cuidar por la profesionalidad de nuestro personal.<\/p>\n","protected":false},"excerpt":{"rendered":"<p>D\u00e9jaos envolver en la flora mediterr\u00e1nea y d\u00e9jaos cuidar por la profesionalidad de nuestro personal.<\/p>\n","protected":false},"author":7,"featured_media":0,"parent":112,"menu_order":20,"comment_status":"closed","ping_status":"closed","template":"template-room.php","meta":{"footnotes":""},"class_list":["post-177","page","type-page","status-publish","hentry"],"yoast_head":"<!-- This site is optimized with the Yoast SEO plugin v26.9 - https:\/\/yoast.com\/product\/yoast-seo-wordpress\/ -->\n<title>Suite Torre - Suites del mare<\/title>\n<meta name=\"robots\" content=\"index, follow, max-snippet:-1, max-image-preview:large, max-video-preview:-1\" \/>\n<link rel=\"canonical\" href=\"https:\/\/www.suitesdelmare.com\/es\/las-suites\/suite-torre\/\" \/>\n<meta property=\"og:locale\" content=\"es_ES\" \/>\n<meta property=\"og:type\" content=\"article\" \/>\n<meta property=\"og:title\" content=\"Suite Torre - Suites del mare\" \/>\n<meta property=\"og:description\" content=\"D\u00e9jaos envolver en la flora mediterr\u00e1nea y d\u00e9jaos cuidar por la profesionalidad de nuestro personal.\" \/>\n<meta property=\"og:url\" content=\"https:\/\/www.suitesdelmare.com\/es\/las-suites\/suite-torre\/\" \/>\n<meta property=\"og:site_name\" content=\"Suites del mare\" \/>\n<meta property=\"article:modified_time\" content=\"2021-01-20T00:57:04+00:00\" \/>\n<meta name=\"twitter:card\" content=\"summary_large_image\" \/>\n<script type=\"application\/ld+json\" class=\"yoast-schema-graph\">{\"@context\":\"https:\/\/schema.org\",\"@graph\":[{\"@type\":\"WebPage\",\"@id\":\"https:\/\/www.suitesdelmare.com\/es\/las-suites\/suite-torre\/\",\"url\":\"https:\/\/www.suitesdelmare.com\/es\/las-suites\/suite-torre\/\",\"name\":\"Suite Torre - Suites del mare\",\"isPartOf\":{\"@id\":\"https:\/\/www.suitesdelmare.com\/es\/#website\"},\"datePublished\":\"2020-09-24T09:50:47+00:00\",\"dateModified\":\"2021-01-20T00:57:04+00:00\",\"breadcrumb\":{\"@id\":\"https:\/\/www.suitesdelmare.com\/es\/las-suites\/suite-torre\/#breadcrumb\"},\"inLanguage\":\"es\",\"potentialAction\":[{\"@type\":\"ReadAction\",\"target\":[\"https:\/\/www.suitesdelmare.com\/es\/las-suites\/suite-torre\/\"]}]},{\"@type\":\"BreadcrumbList\",\"@id\":\"https:\/\/www.suitesdelmare.com\/es\/las-suites\/suite-torre\/#breadcrumb\",\"itemListElement\":[{\"@type\":\"ListItem\",\"position\":1,\"name\":\"Home\",\"item\":\"https:\/\/www.suitesdelmare.com\/es\/\"},{\"@type\":\"ListItem\",\"position\":2,\"name\":\"Las Suites\",\"item\":\"https:\/\/www.suitesdelmare.com\/es\/las-suites\/\"},{\"@type\":\"ListItem\",\"position\":3,\"name\":\"Suite Torre\"}]},{\"@type\":\"WebSite\",\"@id\":\"https:\/\/www.suitesdelmare.com\/es\/#website\",\"url\":\"https:\/\/www.suitesdelmare.com\/es\/\",\"name\":\"Suites del mare\",\"description\":\"Just another ms.decms.eu site\",\"potentialAction\":[{\"@type\":\"SearchAction\",\"target\":{\"@type\":\"EntryPoint\",\"urlTemplate\":\"https:\/\/www.suitesdelmare.com\/es\/?s={search_term_string}\"},\"query-input\":{\"@type\":\"PropertyValueSpecification\",\"valueRequired\":true,\"valueName\":\"search_term_string\"}}],\"inLanguage\":\"es\"}]}<\/script>\n<!-- \/ Yoast SEO plugin. -->","yoast_head_json":{"title":"Suite Torre - Suites del mare","robots":{"index":"index","follow":"follow","max-snippet":"max-snippet:-1","max-image-preview":"max-image-preview:large","max-video-preview":"max-video-preview:-1"},"canonical":"https:\/\/www.suitesdelmare.com\/es\/las-suites\/suite-torre\/","og_locale":"es_ES","og_type":"article","og_title":"Suite Torre - Suites del mare","og_description":"D\u00e9jaos envolver en la flora mediterr\u00e1nea y d\u00e9jaos cuidar por la profesionalidad de nuestro personal.","og_url":"https:\/\/www.suitesdelmare.com\/es\/las-suites\/suite-torre\/","og_site_name":"Suites del mare","article_modified_time":"2021-01-20T00:57:04+00:00","twitter_card":"summary_large_image","schema":{"@context":"https:\/\/schema.org","@graph":[{"@type":"WebPage","@id":"https:\/\/www.suitesdelmare.com\/es\/las-suites\/suite-torre\/","url":"https:\/\/www.suitesdelmare.com\/es\/las-suites\/suite-torre\/","name":"Suite Torre - Suites del mare","isPartOf":{"@id":"https:\/\/www.suitesdelmare.com\/es\/#website"},"datePublished":"2020-09-24T09:50:47+00:00","dateModified":"2021-01-20T00:57:04+00:00","breadcrumb":{"@id":"https:\/\/www.suitesdelmare.com\/es\/las-suites\/suite-torre\/#breadcrumb"},"inLanguage":"es","potentialAction":[{"@type":"ReadAction","target":["https:\/\/www.suitesdelmare.com\/es\/las-suites\/suite-torre\/"]}]},{"@type":"BreadcrumbList","@id":"https:\/\/www.suitesdelmare.com\/es\/las-suites\/suite-torre\/#breadcrumb","itemListElement":[{"@type":"ListItem","position":1,"name":"Home","item":"https:\/\/www.suitesdelmare.com\/es\/"},{"@type":"ListItem","position":2,"name":"Las Suites","item":"https:\/\/www.suitesdelmare.com\/es\/las-suites\/"},{"@type":"ListItem","position":3,"name":"Suite Torre"}]},{"@type":"WebSite","@id":"https:\/\/www.suitesdelmare.com\/es\/#website","url":"https:\/\/www.suitesdelmare.com\/es\/","name":"Suites del mare","description":"Just another ms.decms.eu site","potentialAction":[{"@type":"SearchAction","target":{"@type":"EntryPoint","urlTemplate":"https:\/\/www.suitesdelmare.com\/es\/?s={search_term_string}"},"query-input":{"@type":"PropertyValueSpecification","valueRequired":true,"valueName":"search_term_string"}}],"inLanguage":"es"}]}},"acf":[],"_links":{"self":[{"href":"https:\/\/www.suitesdelmare.com\/es\/wp-json\/wp\/v2\/pages\/177","targetHints":{"allow":["GET"]}}],"collection":[{"href":"https:\/\/www.suitesdelmare.com\/es\/wp-json\/wp\/v2\/pages"}],"about":[{"href":"https:\/\/www.suitesdelmare.com\/es\/wp-json\/wp\/v2\/types\/page"}],"author":[{"embeddable":true,"href":"https:\/\/www.suitesdelmare.com\/es\/wp-json\/wp\/v2\/users\/7"}],"replies":[{"embeddable":true,"href":"https:\/\/www.suitesdelmare.com\/es\/wp-json\/wp\/v2\/comments?post=177"}],"version-history":[{"count":0,"href":"https:\/\/www.suitesdelmare.com\/es\/wp-json\/wp\/v2\/pages\/177\/revisions"}],"up":[{"embeddable":true,"href":"https:\/\/www.suitesdelmare.com\/es\/wp-json\/wp\/v2\/pages\/112"}],"wp:attachment":[{"href":"https:\/\/www.suitesdelmare.com\/es\/wp-json\/wp\/v2\/media?parent=177"}],"curies":[{"name":"wp","href":"https:\/\/api.w.org\/{rel}","templated":true}]}}