{"id":4,"date":"2020-09-18T07:27:54","date_gmt":"2020-09-18T07:27:54","guid":{"rendered":"http:\/\/suites-del-mare.ms.decms.eu\/?page_id=4"},"modified":"2023-05-02T13:05:47","modified_gmt":"2023-05-02T13:05:47","slug":"suites-del-mare","status":"publish","type":"page","link":"https:\/\/www.suitesdelmare.com\/de\/","title":{"rendered":"Suites del Mare"},"content":{"rendered":"<p>\u00fcberblicken die <strong>Suites del Mare<\/strong> die exklusivsten und \u00fcberraschendsten Buchten des <strong>Arbatax Park Resort<\/strong>, in einer Ecke der Natur, wo Privatsph\u00e4re und Eleganz sich treffen.<\/p>\n<p>Der Duft der Meeresbrise, das sanfte Rauschen der Wellen, der raffinierte Stil der Einrichtung und die gro\u00dfen Fenster, die den Horizont einrahmen: eine getreue Darstellung der Sardischen Authentizit\u00e4t und modernem Komfort, eine perfekte Vereinigung von Vergangenheit und Gegenwart.<\/p>\n<p>Die <strong>Suites del Mare<\/strong> bestehen aus 17 Zimmern, die sich durch Charme, Raffinesse und Intimit\u00e4t auszeichnen.<\/p>\n","protected":false},"excerpt":{"rendered":"<p>\u00fcberblicken die Suites del Mare die exklusivsten und \u00fcberraschendsten Buchten des Arbatax Park Resort, in einer Ecke der Natur, wo Privatsph\u00e4re und Eleganz sich treffen. Der Duft der Meeresbrise, das sanfte Rauschen der Wellen, der raffinierte Stil der Einrichtung und die gro\u00dfen Fenster, die den Horizont einrahmen: eine getreue Darstellung der Sardischen Authentizit\u00e4t und modernem [&hellip;]<\/p>\n","protected":false},"author":17,"featured_media":0,"parent":0,"menu_order":0,"comment_status":"closed","ping_status":"open","template":"","meta":{"footnotes":""},"class_list":["post-4","page","type-page","status-publish","hentry"],"yoast_head":"<!-- This site is optimized with the Yoast SEO plugin v26.9 - https:\/\/yoast.com\/product\/yoast-seo-wordpress\/ -->\n<title>Suites del Mare - Suites del mare<\/title>\n<meta name=\"robots\" content=\"index, follow, max-snippet:-1, max-image-preview:large, max-video-preview:-1\" \/>\n<link rel=\"canonical\" href=\"https:\/\/www.suitesdelmare.com\/de\/\" \/>\n<meta property=\"og:locale\" content=\"de_DE\" \/>\n<meta property=\"og:type\" content=\"article\" \/>\n<meta property=\"og:title\" content=\"Suites del Mare - Suites del mare\" \/>\n<meta property=\"og:description\" content=\"\u00fcberblicken die Suites del Mare die exklusivsten und \u00fcberraschendsten Buchten des Arbatax Park Resort, in einer Ecke der Natur, wo Privatsph\u00e4re und Eleganz sich treffen. Der Duft der Meeresbrise, das sanfte Rauschen der Wellen, der raffinierte Stil der Einrichtung und die gro\u00dfen Fenster, die den Horizont einrahmen: eine getreue Darstellung der Sardischen Authentizit\u00e4t und modernem [&hellip;]\" \/>\n<meta property=\"og:url\" content=\"https:\/\/www.suitesdelmare.com\/de\/\" \/>\n<meta property=\"og:site_name\" content=\"Suites del mare\" \/>\n<meta property=\"article:modified_time\" content=\"2023-05-02T13:05:47+00:00\" \/>\n<meta name=\"twitter:card\" content=\"summary_large_image\" \/>\n<meta name=\"twitter:label1\" content=\"Gesch\u00e4tzte Lesezeit\" \/>\n\t<meta name=\"twitter:data1\" content=\"1 Minute\" \/>\n<script type=\"application\/ld+json\" class=\"yoast-schema-graph\">{\"@context\":\"https:\/\/schema.org\",\"@graph\":[{\"@type\":\"WebPage\",\"@id\":\"https:\/\/www.suitesdelmare.com\/de\/\",\"url\":\"https:\/\/www.suitesdelmare.com\/de\/\",\"name\":\"Suites del Mare - Suites del mare\",\"isPartOf\":{\"@id\":\"https:\/\/www.suitesdelmare.com\/de\/#website\"},\"datePublished\":\"2020-09-18T07:27:54+00:00\",\"dateModified\":\"2023-05-02T13:05:47+00:00\",\"breadcrumb\":{\"@id\":\"https:\/\/www.suitesdelmare.com\/de\/#breadcrumb\"},\"inLanguage\":\"de-DE\",\"potentialAction\":[{\"@type\":\"ReadAction\",\"target\":[\"https:\/\/www.suitesdelmare.com\/de\/\"]}]},{\"@type\":\"BreadcrumbList\",\"@id\":\"https:\/\/www.suitesdelmare.com\/de\/#breadcrumb\",\"itemListElement\":[{\"@type\":\"ListItem\",\"position\":1,\"name\":\"Home\",\"item\":\"https:\/\/www.suitesdelmare.com\/de\/\"},{\"@type\":\"ListItem\",\"position\":2,\"name\":\"Suites del Mare\"}]},{\"@type\":\"WebSite\",\"@id\":\"https:\/\/www.suitesdelmare.com\/de\/#website\",\"url\":\"https:\/\/www.suitesdelmare.com\/de\/\",\"name\":\"Suites del mare\",\"description\":\"Just another ms.decms.eu site\",\"potentialAction\":[{\"@type\":\"SearchAction\",\"target\":{\"@type\":\"EntryPoint\",\"urlTemplate\":\"https:\/\/www.suitesdelmare.com\/de\/?s={search_term_string}\"},\"query-input\":{\"@type\":\"PropertyValueSpecification\",\"valueRequired\":true,\"valueName\":\"search_term_string\"}}],\"inLanguage\":\"de-DE\"}]}<\/script>\n<!-- \/ Yoast SEO plugin. -->","yoast_head_json":{"title":"Suites del Mare - Suites del mare","robots":{"index":"index","follow":"follow","max-snippet":"max-snippet:-1","max-image-preview":"max-image-preview:large","max-video-preview":"max-video-preview:-1"},"canonical":"https:\/\/www.suitesdelmare.com\/de\/","og_locale":"de_DE","og_type":"article","og_title":"Suites del Mare - Suites del mare","og_description":"\u00fcberblicken die Suites del Mare die exklusivsten und \u00fcberraschendsten Buchten des Arbatax Park Resort, in einer Ecke der Natur, wo Privatsph\u00e4re und Eleganz sich treffen. Der Duft der Meeresbrise, das sanfte Rauschen der Wellen, der raffinierte Stil der Einrichtung und die gro\u00dfen Fenster, die den Horizont einrahmen: eine getreue Darstellung der Sardischen Authentizit\u00e4t und modernem [&hellip;]","og_url":"https:\/\/www.suitesdelmare.com\/de\/","og_site_name":"Suites del mare","article_modified_time":"2023-05-02T13:05:47+00:00","twitter_card":"summary_large_image","twitter_misc":{"Gesch\u00e4tzte Lesezeit":"1 Minute"},"schema":{"@context":"https:\/\/schema.org","@graph":[{"@type":"WebPage","@id":"https:\/\/www.suitesdelmare.com\/de\/","url":"https:\/\/www.suitesdelmare.com\/de\/","name":"Suites del Mare - Suites del mare","isPartOf":{"@id":"https:\/\/www.suitesdelmare.com\/de\/#website"},"datePublished":"2020-09-18T07:27:54+00:00","dateModified":"2023-05-02T13:05:47+00:00","breadcrumb":{"@id":"https:\/\/www.suitesdelmare.com\/de\/#breadcrumb"},"inLanguage":"de-DE","potentialAction":[{"@type":"ReadAction","target":["https:\/\/www.suitesdelmare.com\/de\/"]}]},{"@type":"BreadcrumbList","@id":"https:\/\/www.suitesdelmare.com\/de\/#breadcrumb","itemListElement":[{"@type":"ListItem","position":1,"name":"Home","item":"https:\/\/www.suitesdelmare.com\/de\/"},{"@type":"ListItem","position":2,"name":"Suites del Mare"}]},{"@type":"WebSite","@id":"https:\/\/www.suitesdelmare.com\/de\/#website","url":"https:\/\/www.suitesdelmare.com\/de\/","name":"Suites del mare","description":"Just another ms.decms.eu site","potentialAction":[{"@type":"SearchAction","target":{"@type":"EntryPoint","urlTemplate":"https:\/\/www.suitesdelmare.com\/de\/?s={search_term_string}"},"query-input":{"@type":"PropertyValueSpecification","valueRequired":true,"valueName":"search_term_string"}}],"inLanguage":"de-DE"}]}},"acf":[],"_links":{"self":[{"href":"https:\/\/www.suitesdelmare.com\/de\/wp-json\/wp\/v2\/pages\/4","targetHints":{"allow":["GET"]}}],"collection":[{"href":"https:\/\/www.suitesdelmare.com\/de\/wp-json\/wp\/v2\/pages"}],"about":[{"href":"https:\/\/www.suitesdelmare.com\/de\/wp-json\/wp\/v2\/types\/page"}],"author":[{"embeddable":true,"href":"https:\/\/www.suitesdelmare.com\/de\/wp-json\/wp\/v2\/users\/17"}],"replies":[{"embeddable":true,"href":"https:\/\/www.suitesdelmare.com\/de\/wp-json\/wp\/v2\/comments?post=4"}],"version-history":[{"count":0,"href":"https:\/\/www.suitesdelmare.com\/de\/wp-json\/wp\/v2\/pages\/4\/revisions"}],"wp:attachment":[{"href":"https:\/\/www.suitesdelmare.com\/de\/wp-json\/wp\/v2\/media?parent=4"}],"curies":[{"name":"wp","href":"https:\/\/api.w.org\/{rel}","templated":true}]}}