{"id":110,"date":"2020-09-22T14:10:09","date_gmt":"2020-09-22T14:10:09","guid":{"rendered":"http:\/\/suites-del-mare.ms.decms.eu\/?page_id=110"},"modified":"2023-06-10T13:42:07","modified_gmt":"2023-06-10T13:42:07","slug":"die-suites","status":"publish","type":"page","link":"https:\/\/www.suitesdelmare.com\/de\/die-suites\/","title":{"rendered":"Die Suites"},"content":{"rendered":"<p>Die Sch\u00f6nheit des blausten Meeres, soweit das Auge reicht. Der Luxus der Materialien: Sardisches Holz und Granit, von Menschenhand und der der Natur in exquisite Formen gebogen und geformt. Die Ruhe der Eleganz, jedes Detail, das an dieses alte Land erinnert. Das Genuss einer Umgebung, die Ihnen das Gef\u00fchl gibt, eins mit dem Meer zu sein, und Sie die alten Traditionen, die Kultur und den Zauber dieses Ortes atmen l\u00e4sst.<\/p>\n<p>In einer bezaubernden farbenfrohen Szenerie, bei mediterraner Macchia umgeschossen, \u00fcberblicken die <strong>Suites del Mare<\/strong> die exklusivsten und \u00fcberraschendsten Buchten des <strong>Arbatax Park Resort<\/strong>, in einer Ecke der Natur, wo Privatsph\u00e4re und Eleganz sich treffen.<\/p>\n<p>Der Duft der Meeresbrise, das sanfte Rauschen der Wellen, der raffinierte Stil der Einrichtung und die gro\u00dfen Fenster, die den Horizont einrahmen: eine getreue Darstellung der Sardischen Authentizit\u00e4t und modernem Komfort, eine perfekte Vereinigung von Vergangenheit und Gegenwart.<\/p>\n<p><strong>Die Suites del Mare bestehen aus 17 Zimmern, die sich durch Charme, Raffinesse und Intimit\u00e4t auszeichnen<\/strong>.<\/p>\n<p>Das Spiel des Lichts und die Farben der Sonne erheben die traditionelle Handwerkskunst Sardiniens, die sich auch in den Polsterungen, Inneneinrichtungen und B\u00f6den aus Travertin, Stein oder Holz widerspiegelt. Alle Suiten sind mit bestem Komfort ausgestattet und verf\u00fcgen \u00fcber <strong>spektakul\u00e4re Terrassen mit Blick auf das Meer<\/strong>, ausgestattet mit komfortablen Au\u00dfenm\u00f6beln, von denen aus Sie Zugang zu Ihrem <strong>privaten Garten haben<\/strong>.<\/p>\n","protected":false},"excerpt":{"rendered":"<p>Die Sch\u00f6nheit des blausten Meeres, soweit das Auge reicht. Der Luxus der Materialien: Sardisches Holz und Granit, von Menschenhand und der der Natur in exquisite Formen gebogen und geformt. Die Ruhe der Eleganz, jedes Detail, das an dieses alte Land erinnert. Das Genuss einer Umgebung, die Ihnen das Gef\u00fchl gibt, eins mit dem Meer zu [&hellip;]<\/p>\n","protected":false},"author":7,"featured_media":0,"parent":0,"menu_order":20,"comment_status":"closed","ping_status":"closed","template":"template-rooms.php","meta":{"footnotes":""},"class_list":["post-110","page","type-page","status-publish","hentry"],"yoast_head":"<!-- This site is optimized with the Yoast SEO plugin v26.9 - https:\/\/yoast.com\/product\/yoast-seo-wordpress\/ -->\n<title>Die Suites - Suites del mare<\/title>\n<meta name=\"robots\" content=\"index, follow, max-snippet:-1, max-image-preview:large, max-video-preview:-1\" \/>\n<link rel=\"canonical\" href=\"https:\/\/www.suitesdelmare.com\/de\/die-suites\/\" \/>\n<meta property=\"og:locale\" content=\"de_DE\" \/>\n<meta property=\"og:type\" content=\"article\" \/>\n<meta property=\"og:title\" content=\"Die Suites - Suites del mare\" \/>\n<meta property=\"og:description\" content=\"Die Sch\u00f6nheit des blausten Meeres, soweit das Auge reicht. Der Luxus der Materialien: Sardisches Holz und Granit, von Menschenhand und der der Natur in exquisite Formen gebogen und geformt. Die Ruhe der Eleganz, jedes Detail, das an dieses alte Land erinnert. Das Genuss einer Umgebung, die Ihnen das Gef\u00fchl gibt, eins mit dem Meer zu [&hellip;]\" \/>\n<meta property=\"og:url\" content=\"https:\/\/www.suitesdelmare.com\/de\/die-suites\/\" \/>\n<meta property=\"og:site_name\" content=\"Suites del mare\" \/>\n<meta property=\"article:modified_time\" content=\"2023-06-10T13:42:07+00:00\" \/>\n<meta name=\"twitter:card\" content=\"summary_large_image\" \/>\n<meta name=\"twitter:label1\" content=\"Gesch\u00e4tzte Lesezeit\" \/>\n\t<meta name=\"twitter:data1\" content=\"2 Minuten\" \/>\n<script type=\"application\/ld+json\" class=\"yoast-schema-graph\">{\"@context\":\"https:\/\/schema.org\",\"@graph\":[{\"@type\":\"WebPage\",\"@id\":\"https:\/\/www.suitesdelmare.com\/de\/die-suites\/\",\"url\":\"https:\/\/www.suitesdelmare.com\/de\/die-suites\/\",\"name\":\"Die Suites - Suites del mare\",\"isPartOf\":{\"@id\":\"https:\/\/www.suitesdelmare.com\/de\/#website\"},\"datePublished\":\"2020-09-22T14:10:09+00:00\",\"dateModified\":\"2023-06-10T13:42:07+00:00\",\"breadcrumb\":{\"@id\":\"https:\/\/www.suitesdelmare.com\/de\/die-suites\/#breadcrumb\"},\"inLanguage\":\"de-DE\",\"potentialAction\":[{\"@type\":\"ReadAction\",\"target\":[\"https:\/\/www.suitesdelmare.com\/de\/die-suites\/\"]}]},{\"@type\":\"BreadcrumbList\",\"@id\":\"https:\/\/www.suitesdelmare.com\/de\/die-suites\/#breadcrumb\",\"itemListElement\":[{\"@type\":\"ListItem\",\"position\":1,\"name\":\"Home\",\"item\":\"https:\/\/www.suitesdelmare.com\/de\/\"},{\"@type\":\"ListItem\",\"position\":2,\"name\":\"Die Suites\"}]},{\"@type\":\"WebSite\",\"@id\":\"https:\/\/www.suitesdelmare.com\/de\/#website\",\"url\":\"https:\/\/www.suitesdelmare.com\/de\/\",\"name\":\"Suites del mare\",\"description\":\"Just another ms.decms.eu site\",\"potentialAction\":[{\"@type\":\"SearchAction\",\"target\":{\"@type\":\"EntryPoint\",\"urlTemplate\":\"https:\/\/www.suitesdelmare.com\/de\/?s={search_term_string}\"},\"query-input\":{\"@type\":\"PropertyValueSpecification\",\"valueRequired\":true,\"valueName\":\"search_term_string\"}}],\"inLanguage\":\"de-DE\"}]}<\/script>\n<!-- \/ Yoast SEO plugin. -->","yoast_head_json":{"title":"Die Suites - Suites del mare","robots":{"index":"index","follow":"follow","max-snippet":"max-snippet:-1","max-image-preview":"max-image-preview:large","max-video-preview":"max-video-preview:-1"},"canonical":"https:\/\/www.suitesdelmare.com\/de\/die-suites\/","og_locale":"de_DE","og_type":"article","og_title":"Die Suites - Suites del mare","og_description":"Die Sch\u00f6nheit des blausten Meeres, soweit das Auge reicht. Der Luxus der Materialien: Sardisches Holz und Granit, von Menschenhand und der der Natur in exquisite Formen gebogen und geformt. Die Ruhe der Eleganz, jedes Detail, das an dieses alte Land erinnert. Das Genuss einer Umgebung, die Ihnen das Gef\u00fchl gibt, eins mit dem Meer zu [&hellip;]","og_url":"https:\/\/www.suitesdelmare.com\/de\/die-suites\/","og_site_name":"Suites del mare","article_modified_time":"2023-06-10T13:42:07+00:00","twitter_card":"summary_large_image","twitter_misc":{"Gesch\u00e4tzte Lesezeit":"2 Minuten"},"schema":{"@context":"https:\/\/schema.org","@graph":[{"@type":"WebPage","@id":"https:\/\/www.suitesdelmare.com\/de\/die-suites\/","url":"https:\/\/www.suitesdelmare.com\/de\/die-suites\/","name":"Die Suites - Suites del mare","isPartOf":{"@id":"https:\/\/www.suitesdelmare.com\/de\/#website"},"datePublished":"2020-09-22T14:10:09+00:00","dateModified":"2023-06-10T13:42:07+00:00","breadcrumb":{"@id":"https:\/\/www.suitesdelmare.com\/de\/die-suites\/#breadcrumb"},"inLanguage":"de-DE","potentialAction":[{"@type":"ReadAction","target":["https:\/\/www.suitesdelmare.com\/de\/die-suites\/"]}]},{"@type":"BreadcrumbList","@id":"https:\/\/www.suitesdelmare.com\/de\/die-suites\/#breadcrumb","itemListElement":[{"@type":"ListItem","position":1,"name":"Home","item":"https:\/\/www.suitesdelmare.com\/de\/"},{"@type":"ListItem","position":2,"name":"Die Suites"}]},{"@type":"WebSite","@id":"https:\/\/www.suitesdelmare.com\/de\/#website","url":"https:\/\/www.suitesdelmare.com\/de\/","name":"Suites del mare","description":"Just another ms.decms.eu site","potentialAction":[{"@type":"SearchAction","target":{"@type":"EntryPoint","urlTemplate":"https:\/\/www.suitesdelmare.com\/de\/?s={search_term_string}"},"query-input":{"@type":"PropertyValueSpecification","valueRequired":true,"valueName":"search_term_string"}}],"inLanguage":"de-DE"}]}},"acf":[],"_links":{"self":[{"href":"https:\/\/www.suitesdelmare.com\/de\/wp-json\/wp\/v2\/pages\/110","targetHints":{"allow":["GET"]}}],"collection":[{"href":"https:\/\/www.suitesdelmare.com\/de\/wp-json\/wp\/v2\/pages"}],"about":[{"href":"https:\/\/www.suitesdelmare.com\/de\/wp-json\/wp\/v2\/types\/page"}],"author":[{"embeddable":true,"href":"https:\/\/www.suitesdelmare.com\/de\/wp-json\/wp\/v2\/users\/7"}],"replies":[{"embeddable":true,"href":"https:\/\/www.suitesdelmare.com\/de\/wp-json\/wp\/v2\/comments?post=110"}],"version-history":[{"count":0,"href":"https:\/\/www.suitesdelmare.com\/de\/wp-json\/wp\/v2\/pages\/110\/revisions"}],"wp:attachment":[{"href":"https:\/\/www.suitesdelmare.com\/de\/wp-json\/wp\/v2\/media?parent=110"}],"curies":[{"name":"wp","href":"https:\/\/api.w.org\/{rel}","templated":true}]}}